{"id":943,"date":"2020-02-14T10:33:06","date_gmt":"2020-02-14T10:33:06","guid":{"rendered":"https:\/\/ecornelles.com\/coaching-blog\/"},"modified":"2020-10-15T08:58:03","modified_gmt":"2020-10-15T08:58:03","slug":"coaching-blog","status":"publish","type":"page","link":"https:\/\/ecornelles.com\/ca\/coaching-blog\/","title":{"rendered":"coaching blog"},"content":{"rendered":"<div class=\"wpb-content-wrapper\"><p>[vc_row unlock_row_content=&#8221;yes&#8221; row_height_percent=&#8221;0&#8243; override_padding=&#8221;yes&#8221; h_padding=&#8221;3&#8243; top_padding=&#8221;3&#8243; bottom_padding=&#8221;3&#8243; overlay_alpha=&#8221;50&#8243; gutter_size=&#8221;2&#8243; column_width_percent=&#8221;100&#8243; shift_y=&#8221;0&#8243; z_index=&#8221;0&#8243;][vc_column column_width_percent=&#8221;100&#8243; position_vertical=&#8221;middle&#8221; align_horizontal=&#8221;align_center&#8221; gutter_size=&#8221;4&#8243; overlay_alpha=&#8221;50&#8243; shift_x=&#8221;0&#8243; shift_y=&#8221;0&#8243; shift_y_down=&#8221;0&#8243; z_index=&#8221;0&#8243; medium_width=&#8221;0&#8243; mobile_width=&#8221;0&#8243; width=&#8221;1\/1&#8243;][uncode_index el_id=&#8221;index-581094100&#8243; isotope_mode=&#8221;fitRows&#8221; loop=&#8221;size:8|order_by:date|post_type:post&#8221; filtering=&#8221;yes&#8221; filtering_full_width=&#8221;yes&#8221; filtering_position=&#8221;center&#8221; filtering_uppercase=&#8221;yes&#8221; filter_mobile=&#8221;yes&#8221; gutter_size=&#8221;3&#8243; post_items=&#8221;media|featured|onpost|poster,date,title,text|excerpt|140,category|bordered|topright|hide-icon,link|default|default_size|Llegir m\u00e9s&#8221; screen_lg=&#8221;1200&#8243; screen_md=&#8221;960&#8243; screen_sm=&#8221;480&#8243; images_size=&#8221;three-two&#8221; single_overlay_opacity=&#8221;50&#8243; single_padding=&#8221;2&#8243; single_title_semantic=&#8221;h2&#8243; single_title_dimension=&#8221;h2&#8243; single_border=&#8221;yes&#8221; single_css_animation=&#8221;bottom-t-top&#8221; single_animation_delay=&#8221;200&#8243;][\/vc_column][\/vc_row]<\/p>\n<\/div>","protected":false},"excerpt":{"rendered":"<p>[vc_row unlock_row_content=&#8221;yes&#8221; row_height_percent=&#8221;0&#8243; override_padding=&#8221;yes&#8221; h_padding=&#8221;3&#8243; top_padding=&#8221;3&#8243; bottom_padding=&#8221;3&#8243; overlay_alpha=&#8221;50&#8243; gutter_size=&#8221;2&#8243; column_width_percent=&#8221;100&#8243; shift_y=&#8221;0&#8243; z_index=&#8221;0&#8243;][vc_column column_width_percent=&#8221;100&#8243; position_vertical=&#8221;middle&#8221; align_horizontal=&#8221;align_center&#8221; gutter_size=&#8221;4&#8243; overlay_alpha=&#8221;50&#8243; shift_x=&#8221;0&#8243; shift_y=&#8221;0&#8243; shift_y_down=&#8221;0&#8243; [&hellip;]<\/p>\n","protected":false},"author":1,"featured_media":0,"parent":0,"menu_order":0,"comment_status":"closed","ping_status":"closed","template":"","meta":{"footnotes":""},"class_list":["post-943","page","type-page","status-publish","hentry"],"yoast_head":"<!-- This site is optimized with the Yoast SEO plugin v24.9 - https:\/\/yoast.com\/wordpress\/plugins\/seo\/ -->\n<title>coaching blog - Enric Cornelles<\/title>\n<meta name=\"robots\" content=\"index, follow, max-snippet:-1, max-image-preview:large, max-video-preview:-1\" \/>\n<link rel=\"canonical\" href=\"https:\/\/ecornelles.com\/ca\/coaching-blog\/\" \/>\n<meta property=\"og:locale\" content=\"ca_ES\" \/>\n<meta property=\"og:type\" content=\"article\" \/>\n<meta property=\"og:title\" content=\"coaching blog - Enric Cornelles\" \/>\n<meta property=\"og:description\" content=\"[vc_row unlock_row_content=&#8221;yes&#8221; row_height_percent=&#8221;0&#8243; override_padding=&#8221;yes&#8221; h_padding=&#8221;3&#8243; top_padding=&#8221;3&#8243; bottom_padding=&#8221;3&#8243; overlay_alpha=&#8221;50&#8243; gutter_size=&#8221;2&#8243; column_width_percent=&#8221;100&#8243; shift_y=&#8221;0&#8243; z_index=&#8221;0&#8243;][vc_column column_width_percent=&#8221;100&#8243; position_vertical=&#8221;middle&#8221; align_horizontal=&#8221;align_center&#8221; gutter_size=&#8221;4&#8243; overlay_alpha=&#8221;50&#8243; shift_x=&#8221;0&#8243; shift_y=&#8221;0&#8243; shift_y_down=&#8221;0&#8243; [&hellip;]\" \/>\n<meta property=\"og:url\" content=\"https:\/\/ecornelles.com\/ca\/coaching-blog\/\" \/>\n<meta property=\"og:site_name\" content=\"Enric Cornelles\" \/>\n<meta property=\"article:modified_time\" content=\"2020-10-15T08:58:03+00:00\" \/>\n<meta name=\"twitter:card\" content=\"summary_large_image\" \/>\n<meta name=\"twitter:label1\" content=\"Temps estimat de lectura\" \/>\n\t<meta name=\"twitter:data1\" content=\"1 minut\" \/>\n<script type=\"application\/ld+json\" class=\"yoast-schema-graph\">{\"@context\":\"https:\/\/schema.org\",\"@graph\":[{\"@type\":\"WebPage\",\"@id\":\"https:\/\/ecornelles.com\/ca\/coaching-blog\/\",\"url\":\"https:\/\/ecornelles.com\/ca\/coaching-blog\/\",\"name\":\"coaching blog - Enric Cornelles\",\"isPartOf\":{\"@id\":\"https:\/\/ecornelles.com\/ca\/#website\"},\"datePublished\":\"2020-02-14T10:33:06+00:00\",\"dateModified\":\"2020-10-15T08:58:03+00:00\",\"breadcrumb\":{\"@id\":\"https:\/\/ecornelles.com\/ca\/coaching-blog\/#breadcrumb\"},\"inLanguage\":\"ca\",\"potentialAction\":[{\"@type\":\"ReadAction\",\"target\":[\"https:\/\/ecornelles.com\/ca\/coaching-blog\/\"]}]},{\"@type\":\"BreadcrumbList\",\"@id\":\"https:\/\/ecornelles.com\/ca\/coaching-blog\/#breadcrumb\",\"itemListElement\":[{\"@type\":\"ListItem\",\"position\":1,\"name\":\"Home\",\"item\":\"https:\/\/ecornelles.com\/ca\/\"},{\"@type\":\"ListItem\",\"position\":2,\"name\":\"coaching blog\"}]},{\"@type\":\"WebSite\",\"@id\":\"https:\/\/ecornelles.com\/ca\/#website\",\"url\":\"https:\/\/ecornelles.com\/ca\/\",\"name\":\"Enric Cornelles\",\"description\":\"Experto en comunicaci\u00f3n del sector el\u00e9ctrico, gesti\u00f3n y motivaci\u00f3n de equipos\",\"potentialAction\":[{\"@type\":\"SearchAction\",\"target\":{\"@type\":\"EntryPoint\",\"urlTemplate\":\"https:\/\/ecornelles.com\/ca\/?s={search_term_string}\"},\"query-input\":{\"@type\":\"PropertyValueSpecification\",\"valueRequired\":true,\"valueName\":\"search_term_string\"}}],\"inLanguage\":\"ca\"}]}<\/script>\n<!-- \/ Yoast SEO plugin. -->","yoast_head_json":{"title":"coaching blog - Enric Cornelles","robots":{"index":"index","follow":"follow","max-snippet":"max-snippet:-1","max-image-preview":"max-image-preview:large","max-video-preview":"max-video-preview:-1"},"canonical":"https:\/\/ecornelles.com\/ca\/coaching-blog\/","og_locale":"ca_ES","og_type":"article","og_title":"coaching blog - Enric Cornelles","og_description":"[vc_row unlock_row_content=&#8221;yes&#8221; row_height_percent=&#8221;0&#8243; override_padding=&#8221;yes&#8221; h_padding=&#8221;3&#8243; top_padding=&#8221;3&#8243; bottom_padding=&#8221;3&#8243; overlay_alpha=&#8221;50&#8243; gutter_size=&#8221;2&#8243; column_width_percent=&#8221;100&#8243; shift_y=&#8221;0&#8243; z_index=&#8221;0&#8243;][vc_column column_width_percent=&#8221;100&#8243; position_vertical=&#8221;middle&#8221; align_horizontal=&#8221;align_center&#8221; gutter_size=&#8221;4&#8243; overlay_alpha=&#8221;50&#8243; shift_x=&#8221;0&#8243; shift_y=&#8221;0&#8243; shift_y_down=&#8221;0&#8243; [&hellip;]","og_url":"https:\/\/ecornelles.com\/ca\/coaching-blog\/","og_site_name":"Enric Cornelles","article_modified_time":"2020-10-15T08:58:03+00:00","twitter_card":"summary_large_image","twitter_misc":{"Temps estimat de lectura":"1 minut"},"schema":{"@context":"https:\/\/schema.org","@graph":[{"@type":"WebPage","@id":"https:\/\/ecornelles.com\/ca\/coaching-blog\/","url":"https:\/\/ecornelles.com\/ca\/coaching-blog\/","name":"coaching blog - Enric Cornelles","isPartOf":{"@id":"https:\/\/ecornelles.com\/ca\/#website"},"datePublished":"2020-02-14T10:33:06+00:00","dateModified":"2020-10-15T08:58:03+00:00","breadcrumb":{"@id":"https:\/\/ecornelles.com\/ca\/coaching-blog\/#breadcrumb"},"inLanguage":"ca","potentialAction":[{"@type":"ReadAction","target":["https:\/\/ecornelles.com\/ca\/coaching-blog\/"]}]},{"@type":"BreadcrumbList","@id":"https:\/\/ecornelles.com\/ca\/coaching-blog\/#breadcrumb","itemListElement":[{"@type":"ListItem","position":1,"name":"Home","item":"https:\/\/ecornelles.com\/ca\/"},{"@type":"ListItem","position":2,"name":"coaching blog"}]},{"@type":"WebSite","@id":"https:\/\/ecornelles.com\/ca\/#website","url":"https:\/\/ecornelles.com\/ca\/","name":"Enric Cornelles","description":"Experto en comunicaci\u00f3n del sector el\u00e9ctrico, gesti\u00f3n y motivaci\u00f3n de equipos","potentialAction":[{"@type":"SearchAction","target":{"@type":"EntryPoint","urlTemplate":"https:\/\/ecornelles.com\/ca\/?s={search_term_string}"},"query-input":{"@type":"PropertyValueSpecification","valueRequired":true,"valueName":"search_term_string"}}],"inLanguage":"ca"}]}},"_links":{"self":[{"href":"https:\/\/ecornelles.com\/ca\/wp-json\/wp\/v2\/pages\/943","targetHints":{"allow":["GET"]}}],"collection":[{"href":"https:\/\/ecornelles.com\/ca\/wp-json\/wp\/v2\/pages"}],"about":[{"href":"https:\/\/ecornelles.com\/ca\/wp-json\/wp\/v2\/types\/page"}],"author":[{"embeddable":true,"href":"https:\/\/ecornelles.com\/ca\/wp-json\/wp\/v2\/users\/1"}],"replies":[{"embeddable":true,"href":"https:\/\/ecornelles.com\/ca\/wp-json\/wp\/v2\/comments?post=943"}],"version-history":[{"count":7,"href":"https:\/\/ecornelles.com\/ca\/wp-json\/wp\/v2\/pages\/943\/revisions"}],"predecessor-version":[{"id":1348,"href":"https:\/\/ecornelles.com\/ca\/wp-json\/wp\/v2\/pages\/943\/revisions\/1348"}],"wp:attachment":[{"href":"https:\/\/ecornelles.com\/ca\/wp-json\/wp\/v2\/media?parent=943"}],"curies":[{"name":"wp","href":"https:\/\/api.w.org\/{rel}","templated":true}]}}